{"id":413,"date":"2021-01-05T21:49:38","date_gmt":"2021-01-05T21:49:38","guid":{"rendered":"https:\/\/nouv.se\/?page_id=413"},"modified":"2023-10-11T13:00:37","modified_gmt":"2023-10-11T13:00:37","slug":"contact","status":"publish","type":"page","link":"https:\/\/www.nouv.se\/en\/contact\/","title":{"rendered":"Contact"},"content":{"rendered":"<p>\u200f\u200f\u200e \u200e <\/p>\n\n\n\n<p class=\"has-text-align-center\" style=\"font-size:20px\"><strong>Fr\u00e5gor &amp; svar<\/strong><\/p>\n\n\n\n<p>\u200f\u200f\u200e \u200e<\/p>\n\n\n\n<p style=\"font-size:17px\"><br><strong>My purchase could not be completed, what do I do?<\/strong><\/p>\n\n\n\n<p style=\"font-size:16px\">Send us an email via the contact form below, and we will solve this.<\/p>\n\n\n<\/p>\n\n\n<p style=\"font-size:17px\"><br><strong>Do you cooperate with physical stores\/retailers?<\/strong><\/p>\n\n\n\n<p style=\"font-size:16px\">Absolutely, send an email to <strong><em><a href=\"mailto:business@nouv.se\"><mark data-darkreader-inline-color=\"\" style=\"background-color:rgba(0, 0, 0, 0);color: rgb(247, 157, 129); --darkreader-inline-color:#f69577;\" class=\"has-inline-color\">business@nouv.se<\/mark><\/a><\/em><\/strong>.<br> <\/p>\n\n\n\n<p style=\"font-size:17px\"><br><strong>Do you work with other artists?<\/strong><\/p>\n\n\n\n<p style=\"font-size:16px\">Right now it is and will be my art that is shown here, things can of course change over time and it is possible that in the future I will take in artworks from other artists. But then it is important that it connects with my vision and it is also important that it is art that I can stand for and that can be proudly represented by <strong>Nouv<\/strong>.<br><br> <\/p>\n\n\n\n<p style=\"font-size:17px\"><strong>I have issues with my order, can I get some help?<\/strong><\/p>\n\n\n\n<p style=\"font-size:16px\">Send us an email via the contact form below, and we will help you.<\/p>\n\n\n\n<p style=\"font-size:17px\"><br><strong>I would like to follow the journey and be updated when something new happens! Where can I find out about such things?<\/strong><\/p>\n\n\n\n<p style=\"font-size:16px\">Det gl\u00e4djer mig! Du kan prenumerera helt kostnadsfritt p\u00e5 v\u00e5rat nyhetsbrev samt f\u00f6lja Nouv p\u00e5 Instagram och Facebook f\u00f6r att vara f\u00f6rst n\u00e4r en nyhet sl\u00e4pps!<\/p>\n\n\n\n<p style=\"font-size:15px\"><strong>Instagram<\/strong><br><strong><a href=\"https:\/\/www.instagram.com\/nouv.se\"><mark data-darkreader-inline-color=\"\" data-darkreader-inline-bgcolor=\"\" style=\"background-color: rgba(0, 0, 0, 0); color: rgb(247, 157, 129); --darkreader-inline-color: #f69577; --darkreader-inline-bgcolor: rgba(0, 0, 0, 0);\" class=\"has-inline-color\">https:\/\/www.instagram.com\/<em>nouv.se<\/em><\/mark><\/a><\/strong><\/p>\n\n\n\n<p style=\"font-size:15px\"><strong>Facebook<\/strong><br><strong><a href=\"https:\/\/www.facebook.com\/officialnouv\" target=\"_blank\" rel=\"noreferrer noopener\"><mark data-darkreader-inline-color=\"\" data-darkreader-inline-bgcolor=\"\" style=\"background-color: rgba(0, 0, 0, 0); color: rgb(247, 157, 129); --darkreader-inline-color: #f69577; --darkreader-inline-bgcolor: rgba(0, 0, 0, 0);\" class=\"has-inline-color\">https:\/\/www.facebook.com\/<em>officialnouv<\/em><\/mark><\/a><\/strong><\/p>\n\n\n\n<p> <br>\n<\/p>\n\n\n\n<p> <\/p>\n\n\n\n<p style=\"font-size:17px\"><strong>Do you want to collab with Nouv on your social media?<\/strong><\/p>\n\n\n\n<p style=\"font-size:16px\">Just reach out to us on any of our social media platforms here above or send an email to  <strong><em><a href=\"mailto:business@nouv.se\"><mark data-darkreader-inline-color=\"\" style=\"background-color:rgba(0, 0, 0, 0);color: rgb(247, 157, 129); --darkreader-inline-color:#f69577;\" class=\"has-inline-color\">business@nouv.se<\/mark><\/a><\/em><\/strong><\/p>\n\n\n\n<p style=\"font-size:15px\"><br><br><strong>Fill in your name, e-mail address and what your case is about below, and we will help you as soon as we can.<\/strong><\/p>\n\n\n<div class=\"wp-block-jetpack-contact-form is-layout-flex wp-container-jetpack-contact-form-is-layout-2b4208ba wp-block-jetpack-contact-form-is-layout-flex\"><a href=\"https:\/\/www.nouv.se\/en\/contact\/\" target=\"_blank\" rel=\"noopener noreferrer\">Submit a form.<\/a><\/div>","protected":false},"excerpt":{"rendered":"<p>\u200f\u200f\u200e \u200e Fr\u00e5gor &amp; svar \u200f\u200f\u200e \u200e Det gick inte att genomf\u00f6ra mitt k\u00f6p, vad g\u00f6r jag? Skicka ett mail till oss via kontaktformul\u00e4ret h\u00e4r nedan, s\u00e5 l\u00f6ser vi detta. Samarbetar du med fysiska butiker\/\u00e5terf\u00f6rs\u00e4ljare? Absolut, skicka ett mail till business@nouv.se. Samarbetar du med andra konstn\u00e4rer? Just nu \u00e4r och kommer det att vara min [&hellip;]<\/p>\n","protected":false},"author":1,"featured_media":0,"parent":0,"menu_order":9,"comment_status":"closed","ping_status":"closed","template":"","meta":{"footnotes":""},"class_list":["post-413","page","type-page","status-publish","hentry"],"jetpack_sharing_enabled":true,"_links":{"self":[{"href":"https:\/\/www.nouv.se\/en\/wp-json\/wp\/v2\/pages\/413","targetHints":{"allow":["GET"]}}],"collection":[{"href":"https:\/\/www.nouv.se\/en\/wp-json\/wp\/v2\/pages"}],"about":[{"href":"https:\/\/www.nouv.se\/en\/wp-json\/wp\/v2\/types\/page"}],"author":[{"embeddable":true,"href":"https:\/\/www.nouv.se\/en\/wp-json\/wp\/v2\/users\/1"}],"replies":[{"embeddable":true,"href":"https:\/\/www.nouv.se\/en\/wp-json\/wp\/v2\/comments?post=413"}],"version-history":[{"count":65,"href":"https:\/\/www.nouv.se\/en\/wp-json\/wp\/v2\/pages\/413\/revisions"}],"predecessor-version":[{"id":8571,"href":"https:\/\/www.nouv.se\/en\/wp-json\/wp\/v2\/pages\/413\/revisions\/8571"}],"wp:attachment":[{"href":"https:\/\/www.nouv.se\/en\/wp-json\/wp\/v2\/media?parent=413"}],"curies":[{"name":"wp","href":"https:\/\/api.w.org\/{rel}","templated":true}]}}