{"id":691,"date":"2021-03-06T15:59:00","date_gmt":"2021-03-06T15:59:00","guid":{"rendered":"https:\/\/nouv.se\/?page_id=691"},"modified":"2024-05-08T07:28:02","modified_gmt":"2024-05-08T07:28:02","slug":"about","status":"publish","type":"page","link":"https:\/\/www.nouv.se\/en\/about\/","title":{"rendered":"About Nouv"},"content":{"rendered":"<div class=\"wp-block-cover alignfull is-light has-parallax wp-block-section wp-block-subscribe has-background-color has-text-color\" style=\"border-style:none;border-width:0px;border-radius:0px;margin-top:0;margin-bottom:0;padding-top:0;padding-right:0;padding-bottom:0;padding-left:0;min-height:513px;aspect-ratio:unset;\"><span aria-hidden=\"true\" class=\"wp-block-cover__background has-background-dim-0 has-background-dim\"><\/span><div class=\"wp-block-cover__image-background wp-image-5146 has-parallax\" style=\"background-position:50% 50%;background-image:url(https:\/\/media.nouv.se\/2023\/10\/robingordon_nouv_konstnar_artist_malar_konst_korall.png)\"><\/div><div class=\"wp-block-cover__inner-container is-layout-flow wp-container-core-cover-is-layout-548c0a7b wp-block-cover-is-layout-flow\">\n<div class=\"wp-block-group is-content-justification-center is-nowrap is-layout-flex wp-container-core-group-is-layout-23441af8 wp-block-group-is-layout-flex\">\n<p><strong>V\u00e4lkommen till min konstv\u00e4rld!<\/strong><\/p>\n<\/div>\n\n\n\n<div class=\"wp-block-group is-content-justification-center is-nowrap is-layout-flex wp-container-core-group-is-layout-23441af8 wp-block-group-is-layout-flex\">\n<p class=\"has-text-align-center has-medium-font-size\"><br>Kul att du har hittat hit.<br>Mitt namn \u00e4r <strong><a href=\"https:\/\/www.nouv.se\/en\/robingordon\/\">Robin Gordon<\/a><\/strong><br>och jag \u00e4r grundare av <img loading=\"lazy\" decoding=\"async\" width=\"36\" height=\"10\" class=\"wp-image-4900\" style=\"width: 36px;\" src=\"https:\/\/media.nouv.se\/2023\/09\/nouv_logo_71x20_2023_transparant_adjusted_to_body_text_white-1.png\" alt=\"\" srcset=\"https:\/\/media.nouv.se\/2023\/09\/nouv_logo_71x20_2023_transparant_adjusted_to_body_text_white-1.png 71w, https:\/\/media.nouv.se\/2023\/09\/nouv_logo_71x20_2023_transparant_adjusted_to_body_text_white-1-18x5.png 18w\" sizes=\"auto, (max-width: 36px) 100vw, 36px\" \/>. <br>Jag startade den h\u00e4r butiken<br>och det etablissemang som<br>jag vill att <img loading=\"lazy\" decoding=\"async\" width=\"36\" height=\"10\" class=\"wp-image-4900\" style=\"width: 36px;\" src=\"https:\/\/media.nouv.se\/2023\/09\/nouv_logo_71x20_2023_transparant_adjusted_to_body_text_white-1.png\" alt=\"\" srcset=\"https:\/\/media.nouv.se\/2023\/09\/nouv_logo_71x20_2023_transparant_adjusted_to_body_text_white-1.png 71w, https:\/\/media.nouv.se\/2023\/09\/nouv_logo_71x20_2023_transparant_adjusted_to_body_text_white-1-18x5.png 18w\" sizes=\"auto, (max-width: 36px) 100vw, 36px\" \/> ska st\u00e5 f\u00f6r.<br>Dels f\u00f6r att skapa en m\u00f6jlighet till<br>att sprida inspiration och v\u00e4rme<br>men ocks\u00e5 f\u00f6r att dela med mig<br>utav min stora passion &#8211; <strong>Att skapa<\/strong>!<\/p>\n<\/div>\n<\/div><\/div>\n\n\n\n<p class=\"has-medium-font-size\"><br>Min vision \u00e4r att h\u00e5lla en h\u00f6g standard p\u00e5 konsten hos <img loading=\"lazy\" decoding=\"async\" width=\"38\" height=\"11\" class=\"wp-image-4901\" style=\"width: 38px;\" src=\"https:\/\/media.nouv.se\/2023\/09\/nouv_logo_71x20_2023_transparant_adjusted_to_body_text_gray.png\" alt=\"\" srcset=\"https:\/\/media.nouv.se\/2023\/09\/nouv_logo_71x20_2023_transparant_adjusted_to_body_text_gray.png 71w, https:\/\/media.nouv.se\/2023\/09\/nouv_logo_71x20_2023_transparant_adjusted_to_body_text_gray-18x5.png 18w\" sizes=\"auto, (max-width: 38px) 100vw, 38px\" \/> med kreativa id\u00e9er och originalitet. Jag tycker att i all sorts konst \u00e4r mycket upp till att betraktaren ska f\u00e5 uppleva, uppfatta p\u00e5 sitt s\u00e4tt och framf\u00f6r allt f\u00e5 en egen <strong>unik k\u00e4nsla<\/strong> kring ett konstverk. Jag delar g\u00e4rna med mig utav mina tankar och k\u00e4nslor kring ett verk men f\u00f6r mig \u00e4r det ocks\u00e5 viktigt att du som betraktare ska f\u00e5 k\u00e4nna!<br>\u3164<\/p>\n\n\n\n<figure class=\"wp-block-image aligncenter size-full is-style-default\"><img loading=\"lazy\" decoding=\"async\" width=\"836\" height=\"962\" src=\"https:\/\/media.nouv.se\/2023\/11\/robin-philip-gordon-painter-artist-konstnar-robin_gordon_konst-vasteras-sverige-sweden-robin-gordon-konst-scandinavian-art-skandinaviskkonst-soul.png\" alt=\"\" class=\"wp-image-5391\" style=\"object-fit:cover\" srcset=\"https:\/\/media.nouv.se\/2023\/11\/robin-philip-gordon-painter-artist-konstnar-robin_gordon_konst-vasteras-sverige-sweden-robin-gordon-konst-scandinavian-art-skandinaviskkonst-soul.png 836w, https:\/\/media.nouv.se\/2023\/11\/robin-philip-gordon-painter-artist-konstnar-robin_gordon_konst-vasteras-sverige-sweden-robin-gordon-konst-scandinavian-art-skandinaviskkonst-soul-261x300.png 261w, https:\/\/media.nouv.se\/2023\/11\/robin-philip-gordon-painter-artist-konstnar-robin_gordon_konst-vasteras-sverige-sweden-robin-gordon-konst-scandinavian-art-skandinaviskkonst-soul-768x884.png 768w, https:\/\/media.nouv.se\/2023\/11\/robin-philip-gordon-painter-artist-konstnar-robin_gordon_konst-vasteras-sverige-sweden-robin-gordon-konst-scandinavian-art-skandinaviskkonst-soul-10x12.png 10w, https:\/\/media.nouv.se\/2023\/11\/robin-philip-gordon-painter-artist-konstnar-robin_gordon_konst-vasteras-sverige-sweden-robin-gordon-konst-scandinavian-art-skandinaviskkonst-soul-600x690.png 600w, https:\/\/media.nouv.se\/2023\/11\/robin-philip-gordon-painter-artist-konstnar-robin_gordon_konst-vasteras-sverige-sweden-robin-gordon-konst-scandinavian-art-skandinaviskkonst-soul-52x60.png 52w, https:\/\/media.nouv.se\/2023\/11\/robin-philip-gordon-painter-artist-konstnar-robin_gordon_konst-vasteras-sverige-sweden-robin-gordon-konst-scandinavian-art-skandinaviskkonst-soul-78x90.png 78w\" sizes=\"auto, (max-width: 836px) 100vw, 836px\" \/><\/figure>\n\n\n\n<p class=\"has-medium-font-size\"><br>To me, creating is largely about the journey itself with a painting. Where from the beginning I get an idea that is constantly evolving, then along the way becomes more highwrought than the first seed.<\/p>\n\n\n\n<p class=\"has-medium-font-size\">Att fastna i en m\u00e5lning och bara uppslukas av nya id\u00e9er \u00e4r n\u00e5gonting som \u00e4r sv\u00e5rt att s\u00e4tta ord p\u00e5. Jag blir l\u00e4tt uppslukad av <em>nuet<\/em> och allt annat runt om mig <em>n\u00e4stintill tynar bort en stund<\/em>. Att skapa \u00e4r en typ av probleml\u00f6sning, i alla fall f\u00f6r mig, f\u00f6r det finns s\u00e5 m\u00e5nga v\u00e4gar att g\u00e5. Det g\u00e4ller att hitta den v\u00e4g som k\u00e4nns mest tilltalande i stunden. Om jag b\u00f6rjar k\u00e4nna mig vilsen i en m\u00e5lning och inte hittar ett sj\u00e4lvklart utfall, blir det oftast att jag l\u00e4gger den tavlan p\u00e5 is ett tag tills jag hittar en ny v\u00e4g och verket <strong>\u00e5ter v\u00e4cks till liv<\/strong>!<br>\u3164<\/p>\n\n\n\n<figure class=\"wp-block-image size-large is-style-default\"><img loading=\"lazy\" decoding=\"async\" width=\"820\" height=\"1024\" src=\"https:\/\/media.nouv.se\/2023\/11\/robin-philip-gordon-painter-artist-konstnar-robin_gordon_konst-vasteras-sverige-sweden-sjal-robin-gordon-konst-scandinavian-art-skandinaviskkonst-soul-820x1024.png\" alt=\"\" class=\"wp-image-5392\" srcset=\"https:\/\/media.nouv.se\/2023\/11\/robin-philip-gordon-painter-artist-konstnar-robin_gordon_konst-vasteras-sverige-sweden-sjal-robin-gordon-konst-scandinavian-art-skandinaviskkonst-soul-820x1024.png 820w, https:\/\/media.nouv.se\/2023\/11\/robin-philip-gordon-painter-artist-konstnar-robin_gordon_konst-vasteras-sverige-sweden-sjal-robin-gordon-konst-scandinavian-art-skandinaviskkonst-soul-240x300.png 240w, https:\/\/media.nouv.se\/2023\/11\/robin-philip-gordon-painter-artist-konstnar-robin_gordon_konst-vasteras-sverige-sweden-sjal-robin-gordon-konst-scandinavian-art-skandinaviskkonst-soul-768x959.png 768w, https:\/\/media.nouv.se\/2023\/11\/robin-philip-gordon-painter-artist-konstnar-robin_gordon_konst-vasteras-sverige-sweden-sjal-robin-gordon-konst-scandinavian-art-skandinaviskkonst-soul-10x12.png 10w, https:\/\/media.nouv.se\/2023\/11\/robin-philip-gordon-painter-artist-konstnar-robin_gordon_konst-vasteras-sverige-sweden-sjal-robin-gordon-konst-scandinavian-art-skandinaviskkonst-soul-600x749.png 600w, https:\/\/media.nouv.se\/2023\/11\/robin-philip-gordon-painter-artist-konstnar-robin_gordon_konst-vasteras-sverige-sweden-sjal-robin-gordon-konst-scandinavian-art-skandinaviskkonst-soul-48x60.png 48w, https:\/\/media.nouv.se\/2023\/11\/robin-philip-gordon-painter-artist-konstnar-robin_gordon_konst-vasteras-sverige-sweden-sjal-robin-gordon-konst-scandinavian-art-skandinaviskkonst-soul-72x90.png 72w, https:\/\/media.nouv.se\/2023\/11\/robin-philip-gordon-painter-artist-konstnar-robin_gordon_konst-vasteras-sverige-sweden-sjal-robin-gordon-konst-scandinavian-art-skandinaviskkonst-soul.png 881w\" sizes=\"auto, (max-width: 820px) 100vw, 820px\" \/><\/figure>\n\n\n\n<p class=\"has-medium-font-size\"><br>A dream would be to be able to live on what I am passionate about, but right now I just find myself happy to be able to exercise my creativity in paintings. That was short about me! Hope you find something that will move you.<br><br>Titta g\u00e4rna runt samt registrera dig till nyhetsbrevet eller <strong>f\u00f6lj<\/strong> <img loading=\"lazy\" decoding=\"async\" width=\"38\" height=\"11\" class=\"wp-image-4901\" style=\"width: 38px;\" src=\"https:\/\/media.nouv.se\/2023\/09\/nouv_logo_71x20_2023_transparant_adjusted_to_body_text_gray.png\" alt=\"\" srcset=\"https:\/\/media.nouv.se\/2023\/09\/nouv_logo_71x20_2023_transparant_adjusted_to_body_text_gray.png 71w, https:\/\/media.nouv.se\/2023\/09\/nouv_logo_71x20_2023_transparant_adjusted_to_body_text_gray-18x5.png 18w\" sizes=\"auto, (max-width: 38px) 100vw, 38px\" \/> p\u00e5 sociala medier h\u00e4r nedan f\u00f6r att ha koll p\u00e5 n\u00e4r nyheter trillar in i butiken!<br><br><\/p>\n\n\n\n<p><\/p>\n\n\n\n<p class=\"has-text-align-right\"> <img loading=\"lazy\" decoding=\"async\" width=\"90\" height=\"49\" class=\"wp-image-5165\" style=\"width: 90px;\" src=\"https:\/\/media.nouv.se\/2023\/10\/2_sincerely_robingordon2.png\" alt=\"\" srcset=\"https:\/\/media.nouv.se\/2023\/10\/2_sincerely_robingordon2.png 220w, https:\/\/media.nouv.se\/2023\/10\/2_sincerely_robingordon2-18x10.png 18w, https:\/\/media.nouv.se\/2023\/10\/2_sincerely_robingordon2-110x60.png 110w, https:\/\/media.nouv.se\/2023\/10\/2_sincerely_robingordon2-165x90.png 165w\" sizes=\"auto, (max-width: 90px) 100vw, 90px\" \/> <\/p>\n\n\n\n<p class=\"has-text-align-right has-small-font-size\">\u200e \u200f\u200f\u200e \u200e \u200e<strong>Robin Gordon<\/strong><br>\u200e \u200f\u200f\u200e \u200e <a href=\"https:\/\/www.nouv.se\/en\/robingordon\/\" data-type=\"link\" data-id=\"https:\/\/www.nouv.se\/application\"><span data-darkreader-inline-color=\"\" style=\"color: rgb(102, 102, 102); --darkreader-inline-color:666666;\"><u>Mer om Robin<\/u><\/span><\/a><br><br>\u200e \u200f\u200f\u200e \u200e <\/p>\n\n\n\n<figure class=\"wp-block-image size-large\"><img loading=\"lazy\" decoding=\"async\" width=\"910\" height=\"1024\" src=\"https:\/\/media.nouv.se\/2023\/09\/robingordon_feernasland_nouv-910x1024.png\" alt=\"\" class=\"wp-image-4610\" srcset=\"https:\/\/media.nouv.se\/2023\/09\/robingordon_feernasland_nouv-910x1024.png 910w, https:\/\/media.nouv.se\/2023\/09\/robingordon_feernasland_nouv-267x300.png 267w, https:\/\/media.nouv.se\/2023\/09\/robingordon_feernasland_nouv-768x864.png 768w, https:\/\/media.nouv.se\/2023\/09\/robingordon_feernasland_nouv-1365x1536.png 1365w, https:\/\/media.nouv.se\/2023\/09\/robingordon_feernasland_nouv-11x12.png 11w, https:\/\/media.nouv.se\/2023\/09\/robingordon_feernasland_nouv-600x675.png 600w, https:\/\/media.nouv.se\/2023\/09\/robingordon_feernasland_nouv-53x60.png 53w, https:\/\/media.nouv.se\/2023\/09\/robingordon_feernasland_nouv-80x90.png 80w, https:\/\/media.nouv.se\/2023\/09\/robingordon_feernasland_nouv.png 1600w\" sizes=\"auto, (max-width: 910px) 100vw, 910px\" \/><\/figure>\n\n\n\n<p>  <br><\/p>\n\n\n\n<figure class=\"wp-block-image aligncenter size-full is-resized\"><a href=\"https:\/\/www.instagram.com\/nouv.se\"><img loading=\"lazy\" decoding=\"async\" width=\"400\" height=\"200\" src=\"https:\/\/media.nouv.se\/2023\/09\/nouv_instagram_QR_link_nouvse_gray.png\" alt=\"\" class=\"wp-image-4907\" style=\"object-fit:cover;width:266px;height:133px\" srcset=\"https:\/\/media.nouv.se\/2023\/09\/nouv_instagram_QR_link_nouvse_gray.png 400w, https:\/\/media.nouv.se\/2023\/09\/nouv_instagram_QR_link_nouvse_gray-300x150.png 300w, https:\/\/media.nouv.se\/2023\/09\/nouv_instagram_QR_link_nouvse_gray-18x9.png 18w, https:\/\/media.nouv.se\/2023\/09\/nouv_instagram_QR_link_nouvse_gray-120x60.png 120w, https:\/\/media.nouv.se\/2023\/09\/nouv_instagram_QR_link_nouvse_gray-180x90.png 180w\" sizes=\"auto, (max-width: 400px) 100vw, 400px\" \/><\/a><\/figure>\n\n\n\n<p>  <br><\/p>\n\n\n\n<figure class=\"wp-block-embed is-type-rich is-provider-instagram wp-block-embed-instagram\"><div class=\"wp-block-embed__wrapper\">\n<blockquote class=\"instagram-media\" data-instgrm-captioned data-instgrm-permalink=\"https:\/\/www.instagram.com\/p\/Cw5GBJOtoBj\/?utm_source=ig_embed&amp;utm_campaign=loading\" data-instgrm-version=\"14\" style=\" background:#FFF; border:0; border-radius:3px; box-shadow:0 0 1px 0 rgba(0,0,0,0.5),0 1px 10px 0 rgba(0,0,0,0.15); margin: 1px; max-width:500px; min-width:326px; padding:0; width:99.375%; width:-webkit-calc(100% - 2px); width:calc(100% - 2px);\"><div style=\"padding:16px;\"> <a href=\"https:\/\/www.instagram.com\/p\/Cw5GBJOtoBj\/?utm_source=ig_embed&amp;utm_campaign=loading\" style=\" background:#FFFFFF; line-height:0; padding:0 0; text-align:center; text-decoration:none; width:100%;\" target=\"_blank\"> <div style=\" display: flex; flex-direction: row; align-items: center;\"> <div style=\"background-color: #F4F4F4; border-radius: 50%; flex-grow: 0; height: 40px; margin-right: 14px; width: 40px;\"><\/div> <div style=\"display: flex; flex-direction: column; flex-grow: 1; justify-content: center;\"> <div style=\" background-color: #F4F4F4; border-radius: 4px; flex-grow: 0; height: 14px; margin-bottom: 6px; width: 100px;\"><\/div> <div style=\" background-color: #F4F4F4; border-radius: 4px; flex-grow: 0; height: 14px; width: 60px;\"><\/div><\/div><\/div><div style=\"padding: 19% 0;\"><\/div> <div style=\"display:block; height:50px; margin:0 auto 12px; width:50px;\"><svg width=\"50px\" height=\"50px\" viewbox=\"0 0 60 60\" version=\"1.1\" xmlns=\"https:\/\/www.w3.org\/2000\/svg\" xmlns:xlink=\"https:\/\/www.w3.org\/1999\/xlink\"><g stroke=\"none\" stroke-width=\"1\" fill=\"none\" fill-rule=\"evenodd\"><g transform=\"translate(-511.000000, -20.000000)\" fill=\"#000000\"><g><path d=\"M556.869,30.41 C554.814,30.41 553.148,32.076 553.148,34.131 C553.148,36.186 554.814,37.852 556.869,37.852 C558.924,37.852 560.59,36.186 560.59,34.131 C560.59,32.076 558.924,30.41 556.869,30.41 M541,60.657 C535.114,60.657 530.342,55.887 530.342,50 C530.342,44.114 535.114,39.342 541,39.342 C546.887,39.342 551.658,44.114 551.658,50 C551.658,55.887 546.887,60.657 541,60.657 M541,33.886 C532.1,33.886 524.886,41.1 524.886,50 C524.886,58.899 532.1,66.113 541,66.113 C549.9,66.113 557.115,58.899 557.115,50 C557.115,41.1 549.9,33.886 541,33.886 M565.378,62.101 C565.244,65.022 564.756,66.606 564.346,67.663 C563.803,69.06 563.154,70.057 562.106,71.106 C561.058,72.155 560.06,72.803 558.662,73.347 C557.607,73.757 556.021,74.244 553.102,74.378 C549.944,74.521 548.997,74.552 541,74.552 C533.003,74.552 532.056,74.521 528.898,74.378 C525.979,74.244 524.393,73.757 523.338,73.347 C521.94,72.803 520.942,72.155 519.894,71.106 C518.846,70.057 518.197,69.06 517.654,67.663 C517.244,66.606 516.755,65.022 516.623,62.101 C516.479,58.943 516.448,57.996 516.448,50 C516.448,42.003 516.479,41.056 516.623,37.899 C516.755,34.978 517.244,33.391 517.654,32.338 C518.197,30.938 518.846,29.942 519.894,28.894 C520.942,27.846 521.94,27.196 523.338,26.654 C524.393,26.244 525.979,25.756 528.898,25.623 C532.057,25.479 533.004,25.448 541,25.448 C548.997,25.448 549.943,25.479 553.102,25.623 C556.021,25.756 557.607,26.244 558.662,26.654 C560.06,27.196 561.058,27.846 562.106,28.894 C563.154,29.942 563.803,30.938 564.346,32.338 C564.756,33.391 565.244,34.978 565.378,37.899 C565.522,41.056 565.552,42.003 565.552,50 C565.552,57.996 565.522,58.943 565.378,62.101 M570.82,37.631 C570.674,34.438 570.167,32.258 569.425,30.349 C568.659,28.377 567.633,26.702 565.965,25.035 C564.297,23.368 562.623,22.342 560.652,21.575 C558.743,20.834 556.562,20.326 553.369,20.18 C550.169,20.033 549.148,20 541,20 C532.853,20 531.831,20.033 528.631,20.18 C525.438,20.326 523.257,20.834 521.349,21.575 C519.376,22.342 517.703,23.368 516.035,25.035 C514.368,26.702 513.342,28.377 512.574,30.349 C511.834,32.258 511.326,34.438 511.181,37.631 C511.035,40.831 511,41.851 511,50 C511,58.147 511.035,59.17 511.181,62.369 C511.326,65.562 511.834,67.743 512.574,69.651 C513.342,71.625 514.368,73.296 516.035,74.965 C517.703,76.634 519.376,77.658 521.349,78.425 C523.257,79.167 525.438,79.673 528.631,79.82 C531.831,79.965 532.853,80.001 541,80.001 C549.148,80.001 550.169,79.965 553.369,79.82 C556.562,79.673 558.743,79.167 560.652,78.425 C562.623,77.658 564.297,76.634 565.965,74.965 C567.633,73.296 568.659,71.625 569.425,69.651 C570.167,67.743 570.674,65.562 570.82,62.369 C570.966,59.17 571,58.147 571,50 C571,41.851 570.966,40.831 570.82,37.631\"><\/path><\/g><\/g><\/g><\/svg><\/div><div style=\"padding-top: 8px;\"> <div style=\" color:#3897f0; font-family:Arial,sans-serif; font-size:14px; font-style:normal; font-weight:550; line-height:18px;\">View this post on Instagram<\/div><\/div><div style=\"padding: 12.5% 0;\"><\/div> <div style=\"display: flex; flex-direction: row; margin-bottom: 14px; align-items: center;\"><div> <div style=\"background-color: #F4F4F4; border-radius: 50%; height: 12.5px; width: 12.5px; transform: translateX(0px) translateY(7px);\"><\/div> <div style=\"background-color: #F4F4F4; height: 12.5px; transform: rotate(-45deg) translateX(3px) translateY(1px); width: 12.5px; flex-grow: 0; margin-right: 14px; margin-left: 2px;\"><\/div> <div style=\"background-color: #F4F4F4; border-radius: 50%; height: 12.5px; width: 12.5px; transform: translateX(9px) translateY(-18px);\"><\/div><\/div><div style=\"margin-left: 8px;\"> <div style=\" background-color: #F4F4F4; border-radius: 50%; flex-grow: 0; height: 20px; width: 20px;\"><\/div> <div style=\" width: 0; height: 0; border-top: 2px solid transparent; border-left: 6px solid #f4f4f4; border-bottom: 2px solid transparent; transform: translateX(16px) translateY(-4px) rotate(30deg)\"><\/div><\/div><div style=\"margin-left: auto;\"> <div style=\" width: 0px; border-top: 8px solid #F4F4F4; border-right: 8px solid transparent; transform: translateY(16px);\"><\/div> <div style=\" background-color: #F4F4F4; flex-grow: 0; height: 12px; width: 16px; transform: translateY(-4px);\"><\/div> <div style=\" width: 0; height: 0; border-top: 8px solid #F4F4F4; border-left: 8px solid transparent; transform: translateY(-4px) translateX(8px);\"><\/div><\/div><\/div> <div style=\"display: flex; flex-direction: column; flex-grow: 1; justify-content: center; margin-bottom: 24px;\"> <div style=\" background-color: #F4F4F4; border-radius: 4px; flex-grow: 0; height: 14px; margin-bottom: 6px; width: 224px;\"><\/div> <div style=\" background-color: #F4F4F4; border-radius: 4px; flex-grow: 0; height: 14px; width: 144px;\"><\/div><\/div><\/a><p style=\" color:#c9c8cd; font-family:Arial,sans-serif; font-size:14px; line-height:17px; margin-bottom:0; margin-top:8px; overflow:hidden; padding:8px 0 7px; text-align:center; text-overflow:ellipsis; white-space:nowrap;\"><a href=\"https:\/\/www.instagram.com\/p\/Cw5GBJOtoBj\/?utm_source=ig_embed&amp;utm_campaign=loading\" style=\" color:#c9c8cd; font-family:Arial,sans-serif; font-size:14px; font-style:normal; font-weight:normal; line-height:17px; text-decoration:none;\" target=\"_blank\">A post shared by Nouv | Art for wellness (@nouv.se)<\/a><\/p><\/div><\/blockquote><script async src=\"\/\/platform.instagram.com\/en_US\/embeds.js\"><\/script>\n<\/div><\/figure>\n\n\n\n<p><\/p>\n\n\n\n<p>   <br><br><\/p>\n\n\n\n<p class=\"has-medium-font-size\">Sign up for the newsletter here:<\/p>\n\n\n\n<div class=\"wp-block-columns is-layout-flex wp-container-core-columns-is-layout-28f84493 wp-block-columns-is-layout-flex\">\n<div class=\"wp-block-column is-layout-flow wp-block-column-is-layout-flow\" style=\"flex-basis:100%\"><div class=\"wp-block-jetpack-contact-form is-layout-flex wp-container-jetpack-contact-form-is-layout-2b4208ba wp-block-jetpack-contact-form-is-layout-flex\"><a href=\"https:\/\/www.nouv.se\/en\/about\/\" target=\"_blank\" rel=\"noopener noreferrer\">Submit a form.<\/a><\/div><\/div>\n<\/div>\n\n\n\n<p> <br><\/p>","protected":false},"excerpt":{"rendered":"<p>Min vision \u00e4r att h\u00e5lla en h\u00f6g standard p\u00e5 konsten hos med kreativa id\u00e9er och originalitet. Jag tycker att i all sorts konst \u00e4r mycket upp till att betraktaren ska f\u00e5 uppleva, uppfatta p\u00e5 sitt s\u00e4tt och framf\u00f6r allt f\u00e5 en egen unik k\u00e4nsla kring ett konstverk. Jag delar g\u00e4rna med mig utav mina tankar [&hellip;]<\/p>\n","protected":false},"author":1,"featured_media":0,"parent":0,"menu_order":6,"comment_status":"closed","ping_status":"closed","template":"","meta":{"footnotes":""},"class_list":["post-691","page","type-page","status-publish","hentry"],"jetpack_sharing_enabled":true,"_links":{"self":[{"href":"https:\/\/www.nouv.se\/en\/wp-json\/wp\/v2\/pages\/691","targetHints":{"allow":["GET"]}}],"collection":[{"href":"https:\/\/www.nouv.se\/en\/wp-json\/wp\/v2\/pages"}],"about":[{"href":"https:\/\/www.nouv.se\/en\/wp-json\/wp\/v2\/types\/page"}],"author":[{"embeddable":true,"href":"https:\/\/www.nouv.se\/en\/wp-json\/wp\/v2\/users\/1"}],"replies":[{"embeddable":true,"href":"https:\/\/www.nouv.se\/en\/wp-json\/wp\/v2\/comments?post=691"}],"version-history":[{"count":172,"href":"https:\/\/www.nouv.se\/en\/wp-json\/wp\/v2\/pages\/691\/revisions"}],"predecessor-version":[{"id":7340,"href":"https:\/\/www.nouv.se\/en\/wp-json\/wp\/v2\/pages\/691\/revisions\/7340"}],"wp:attachment":[{"href":"https:\/\/www.nouv.se\/en\/wp-json\/wp\/v2\/media?parent=691"}],"curies":[{"name":"wp","href":"https:\/\/api.w.org\/{rel}","templated":true}]}}